{"id":30,"date":"2020-02-14T09:19:16","date_gmt":"2020-02-14T09:19:16","guid":{"rendered":"http:\/\/wp.vonschoenbornundluig.de\/?page_id=30"},"modified":"2020-02-14T09:21:16","modified_gmt":"2020-02-14T09:21:16","slug":"impressum","status":"publish","type":"page","link":"http:\/\/old.vonschoenbornundluig.de\/?page_id=30","title":{"rendered":"Impressum"},"content":{"rendered":"\t\t<div data-elementor-type=\"wp-page\" data-elementor-id=\"30\" class=\"elementor elementor-30\">\n\t\t\t\t\t\t\t\t\t<section class=\"elementor-section elementor-top-section elementor-element elementor-element-8d1af15 elementor-section-boxed elementor-section-height-default elementor-section-height-default\" data-id=\"8d1af15\" data-element_type=\"section\">\n\t\t\t\t\t\t<div class=\"elementor-container elementor-column-gap-default\">\n\t\t\t\t\t<div class=\"elementor-column elementor-col-100 elementor-top-column elementor-element elementor-element-811dc49\" data-id=\"811dc49\" data-element_type=\"column\">\n\t\t\t<div class=\"elementor-widget-wrap elementor-element-populated\">\n\t\t\t\t\t\t\t\t<div class=\"elementor-element elementor-element-8d4262e elementor-widget elementor-widget-heading\" data-id=\"8d4262e\" data-element_type=\"widget\" data-widget_type=\"heading.default\">\n\t\t\t\t<div class=\"elementor-widget-container\">\n\t\t\t<h1 class=\"elementor-heading-title elementor-size-default\">Impressum<\/h1>\t\t<\/div>\n\t\t\t\t<\/div>\n\t\t\t\t<div class=\"elementor-element elementor-element-7dd182e elementor-widget elementor-widget-text-editor\" data-id=\"7dd182e\" data-element_type=\"widget\" data-widget_type=\"text-editor.default\">\n\t\t\t\t<div class=\"elementor-widget-container\">\n\t\t\t\t\t\t\t<h3>von Sch\u00f6nborn und Luig<\/h3><p>Pestalozzistrasse 34<br \/>80469 M\u00fcnchen<\/p><h4>Gesch\u00e4ftsf\u00fchrung<\/h4><p>Pablo von Sch\u00f6nborn\u00a0<span id=\"cloak6fa56b93bf85f135107036ba51bebbd2\"><a href=\"mailto:pablo@vonschoenbornundluig.de\">pablo@vonschoenbornundluig.de<\/a><\/span><br \/>Uwe Luig\u00a0<span id=\"cloak564d9c1df7561d6cf092bfdcfaccc941\"><a href=\"mailto:uwe@vonschoenbornundluig.de\">uwe@vonschoenbornundluig.de<\/a><\/span><\/p><h4>Graphic &amp; Webdesign<\/h4><p>Felix M. Schmeidl\u00a0<br \/><a href=\"http:\/\/www.itsjusta.click\">itsjusta.click<\/a><\/p><h4>Photographie<\/h4><p>Gunter Bieringer<br \/><a href=\"https:\/\/web.archive.org\/web\/20171212131712\/http:\/\/www.gunterbieringer.de\/\" target=\"_blank\" rel=\"noopener\">www.gunterbieringer.de<\/a><\/p><h4>Feng Shui Beratung<\/h4><p>Christina Brodegger<br \/><a href=\"https:\/\/web.archive.org\/web\/20171212131712\/http:\/\/www.virtual-interiors.at\/\" target=\"_blank\" rel=\"noopener\">www.virtual-interiors.at<\/a><\/p>\t\t\t\t\t\t<\/div>\n\t\t\t\t<\/div>\n\t\t\t\t\t<\/div>\n\t\t<\/div>\n\t\t\t\t\t\t\t<\/div>\n\t\t<\/section>\n\t\t\t\t\t\t\t<\/div>\n\t\t","protected":false},"excerpt":{"rendered":"<p>Impressum von Sch\u00f6nborn und Luig Pestalozzistrasse 3480469 M\u00fcnchen Gesch\u00e4ftsf\u00fchrung Pablo von Sch\u00f6nborn\u00a0pablo@vonschoenbornundluig.deUwe Luig\u00a0uwe@vonschoenbornundluig.de Graphic &amp; Webdesign Felix M. Schmeidl\u00a0itsjusta.click Photographie Gunter Bieringerwww.gunterbieringer.de Feng Shui Beratung Christina Brodeggerwww.virtual-interiors.at<\/p>\n","protected":false},"author":1,"featured_media":0,"parent":0,"menu_order":0,"comment_status":"closed","ping_status":"closed","template":"","meta":[],"yoast_head":"<!-- This site is optimized with the Yoast SEO plugin v21.8 - https:\/\/yoast.com\/wordpress\/plugins\/seo\/ -->\n<title>Impressum - von Sch\u00f6nborn &amp; Luig<\/title>\n<meta name=\"robots\" content=\"index, follow, max-snippet:-1, max-image-preview:large, max-video-preview:-1\" \/>\n<link rel=\"canonical\" href=\"http:\/\/old.vonschoenbornundluig.de\/?page_id=30\" \/>\n<meta property=\"og:locale\" content=\"de_DE\" \/>\n<meta property=\"og:type\" content=\"article\" \/>\n<meta property=\"og:title\" content=\"Impressum - von Sch\u00f6nborn &amp; Luig\" \/>\n<meta property=\"og:description\" content=\"Impressum von Sch\u00f6nborn und Luig Pestalozzistrasse 3480469 M\u00fcnchen Gesch\u00e4ftsf\u00fchrung Pablo von Sch\u00f6nborn\u00a0pablo@vonschoenbornundluig.deUwe Luig\u00a0uwe@vonschoenbornundluig.de Graphic &amp; Webdesign Felix M. Schmeidl\u00a0itsjusta.click Photographie Gunter Bieringerwww.gunterbieringer.de Feng Shui Beratung Christina Brodeggerwww.virtual-interiors.at\" \/>\n<meta property=\"og:url\" content=\"http:\/\/old.vonschoenbornundluig.de\/?page_id=30\" \/>\n<meta property=\"og:site_name\" content=\"von Sch\u00f6nborn &amp; Luig\" \/>\n<meta property=\"article:publisher\" content=\"http:\/\/old.vonschoenbornundluig.de\/\" \/>\n<meta property=\"article:modified_time\" content=\"2020-02-14T09:21:16+00:00\" \/>\n<meta name=\"twitter:card\" content=\"summary_large_image\" \/>\n<script type=\"application\/ld+json\" class=\"yoast-schema-graph\">{\"@context\":\"https:\/\/schema.org\",\"@graph\":[{\"@type\":\"WebPage\",\"@id\":\"http:\/\/old.vonschoenbornundluig.de\/?page_id=30\",\"url\":\"http:\/\/old.vonschoenbornundluig.de\/?page_id=30\",\"name\":\"Impressum - von Sch\u00f6nborn &amp; Luig\",\"isPartOf\":{\"@id\":\"http:\/\/old.vonschoenbornundluig.de\/#website\"},\"datePublished\":\"2020-02-14T09:19:16+00:00\",\"dateModified\":\"2020-02-14T09:21:16+00:00\",\"breadcrumb\":{\"@id\":\"http:\/\/old.vonschoenbornundluig.de\/?page_id=30#breadcrumb\"},\"inLanguage\":\"de-DE\",\"potentialAction\":[{\"@type\":\"ReadAction\",\"target\":[\"http:\/\/old.vonschoenbornundluig.de\/?page_id=30\"]}]},{\"@type\":\"BreadcrumbList\",\"@id\":\"http:\/\/old.vonschoenbornundluig.de\/?page_id=30#breadcrumb\",\"itemListElement\":[{\"@type\":\"ListItem\",\"position\":1,\"name\":\"Startseite\",\"item\":\"http:\/\/old.vonschoenbornundluig.de\/\"},{\"@type\":\"ListItem\",\"position\":2,\"name\":\"Impressum\"}]},{\"@type\":\"WebSite\",\"@id\":\"http:\/\/old.vonschoenbornundluig.de\/#website\",\"url\":\"http:\/\/old.vonschoenbornundluig.de\/\",\"name\":\"von Sch\u00f6nborn & Luig\",\"description\":\"\",\"publisher\":{\"@id\":\"http:\/\/old.vonschoenbornundluig.de\/#organization\"},\"potentialAction\":[{\"@type\":\"SearchAction\",\"target\":{\"@type\":\"EntryPoint\",\"urlTemplate\":\"http:\/\/old.vonschoenbornundluig.de\/?s={search_term_string}\"},\"query-input\":\"required name=search_term_string\"}],\"inLanguage\":\"de-DE\"},{\"@type\":\"Organization\",\"@id\":\"http:\/\/old.vonschoenbornundluig.de\/#organization\",\"name\":\"von Sch\u00f6nborn & Luig\",\"url\":\"http:\/\/old.vonschoenbornundluig.de\/\",\"logo\":{\"@type\":\"ImageObject\",\"inLanguage\":\"de-DE\",\"@id\":\"http:\/\/old.vonschoenbornundluig.de\/#\/schema\/logo\/image\/\",\"url\":\"https:\/\/vonschoenbornundluig.de\/wp-content\/uploads\/2020\/02\/vSuL_logo.jpg\",\"contentUrl\":\"https:\/\/vonschoenbornundluig.de\/wp-content\/uploads\/2020\/02\/vSuL_logo.jpg\",\"width\":300,\"height\":56,\"caption\":\"von Sch\u00f6nborn & Luig\"},\"image\":{\"@id\":\"http:\/\/old.vonschoenbornundluig.de\/#\/schema\/logo\/image\/\"},\"sameAs\":[\"http:\/\/old.vonschoenbornundluig.de\/\"]}]}<\/script>\n<!-- \/ Yoast SEO plugin. -->","yoast_head_json":{"title":"Impressum - von Sch\u00f6nborn &amp; Luig","robots":{"index":"index","follow":"follow","max-snippet":"max-snippet:-1","max-image-preview":"max-image-preview:large","max-video-preview":"max-video-preview:-1"},"canonical":"http:\/\/old.vonschoenbornundluig.de\/?page_id=30","og_locale":"de_DE","og_type":"article","og_title":"Impressum - von Sch\u00f6nborn &amp; Luig","og_description":"Impressum von Sch\u00f6nborn und Luig Pestalozzistrasse 3480469 M\u00fcnchen Gesch\u00e4ftsf\u00fchrung Pablo von Sch\u00f6nborn\u00a0pablo@vonschoenbornundluig.deUwe Luig\u00a0uwe@vonschoenbornundluig.de Graphic &amp; Webdesign Felix M. Schmeidl\u00a0itsjusta.click Photographie Gunter Bieringerwww.gunterbieringer.de Feng Shui Beratung Christina Brodeggerwww.virtual-interiors.at","og_url":"http:\/\/old.vonschoenbornundluig.de\/?page_id=30","og_site_name":"von Sch\u00f6nborn &amp; Luig","article_publisher":"http:\/\/old.vonschoenbornundluig.de\/","article_modified_time":"2020-02-14T09:21:16+00:00","twitter_card":"summary_large_image","schema":{"@context":"https:\/\/schema.org","@graph":[{"@type":"WebPage","@id":"http:\/\/old.vonschoenbornundluig.de\/?page_id=30","url":"http:\/\/old.vonschoenbornundluig.de\/?page_id=30","name":"Impressum - von Sch\u00f6nborn &amp; Luig","isPartOf":{"@id":"http:\/\/old.vonschoenbornundluig.de\/#website"},"datePublished":"2020-02-14T09:19:16+00:00","dateModified":"2020-02-14T09:21:16+00:00","breadcrumb":{"@id":"http:\/\/old.vonschoenbornundluig.de\/?page_id=30#breadcrumb"},"inLanguage":"de-DE","potentialAction":[{"@type":"ReadAction","target":["http:\/\/old.vonschoenbornundluig.de\/?page_id=30"]}]},{"@type":"BreadcrumbList","@id":"http:\/\/old.vonschoenbornundluig.de\/?page_id=30#breadcrumb","itemListElement":[{"@type":"ListItem","position":1,"name":"Startseite","item":"http:\/\/old.vonschoenbornundluig.de\/"},{"@type":"ListItem","position":2,"name":"Impressum"}]},{"@type":"WebSite","@id":"http:\/\/old.vonschoenbornundluig.de\/#website","url":"http:\/\/old.vonschoenbornundluig.de\/","name":"von Sch\u00f6nborn & Luig","description":"","publisher":{"@id":"http:\/\/old.vonschoenbornundluig.de\/#organization"},"potentialAction":[{"@type":"SearchAction","target":{"@type":"EntryPoint","urlTemplate":"http:\/\/old.vonschoenbornundluig.de\/?s={search_term_string}"},"query-input":"required name=search_term_string"}],"inLanguage":"de-DE"},{"@type":"Organization","@id":"http:\/\/old.vonschoenbornundluig.de\/#organization","name":"von Sch\u00f6nborn & Luig","url":"http:\/\/old.vonschoenbornundluig.de\/","logo":{"@type":"ImageObject","inLanguage":"de-DE","@id":"http:\/\/old.vonschoenbornundluig.de\/#\/schema\/logo\/image\/","url":"https:\/\/vonschoenbornundluig.de\/wp-content\/uploads\/2020\/02\/vSuL_logo.jpg","contentUrl":"https:\/\/vonschoenbornundluig.de\/wp-content\/uploads\/2020\/02\/vSuL_logo.jpg","width":300,"height":56,"caption":"von Sch\u00f6nborn & Luig"},"image":{"@id":"http:\/\/old.vonschoenbornundluig.de\/#\/schema\/logo\/image\/"},"sameAs":["http:\/\/old.vonschoenbornundluig.de\/"]}]}},"_links":{"self":[{"href":"http:\/\/old.vonschoenbornundluig.de\/index.php?rest_route=\/wp\/v2\/pages\/30"}],"collection":[{"href":"http:\/\/old.vonschoenbornundluig.de\/index.php?rest_route=\/wp\/v2\/pages"}],"about":[{"href":"http:\/\/old.vonschoenbornundluig.de\/index.php?rest_route=\/wp\/v2\/types\/page"}],"author":[{"embeddable":true,"href":"http:\/\/old.vonschoenbornundluig.de\/index.php?rest_route=\/wp\/v2\/users\/1"}],"replies":[{"embeddable":true,"href":"http:\/\/old.vonschoenbornundluig.de\/index.php?rest_route=%2Fwp%2Fv2%2Fcomments&post=30"}],"version-history":[{"count":2,"href":"http:\/\/old.vonschoenbornundluig.de\/index.php?rest_route=\/wp\/v2\/pages\/30\/revisions"}],"predecessor-version":[{"id":32,"href":"http:\/\/old.vonschoenbornundluig.de\/index.php?rest_route=\/wp\/v2\/pages\/30\/revisions\/32"}],"wp:attachment":[{"href":"http:\/\/old.vonschoenbornundluig.de\/index.php?rest_route=%2Fwp%2Fv2%2Fmedia&parent=30"}],"curies":[{"name":"wp","href":"https:\/\/api.w.org\/{rel}","templated":true}]}}